{"id":1042,"date":"2020-08-24T15:10:48","date_gmt":"2020-08-24T15:10:48","guid":{"rendered":"http:\/\/equilibresantecanada.com\/?page_id=1042"},"modified":"2023-04-25T03:22:30","modified_gmt":"2023-04-25T03:22:30","slug":"biofeedback","status":"publish","type":"page","link":"https:\/\/equilibresantecanada.com\/?page_id=1042","title":{"rendered":"Biofeedback"},"content":{"rendered":"<p>[et_pb_section fb_built=&#8221;1&#8243; _builder_version=&#8221;4.16&#8243; use_background_color_gradient=&#8221;on&#8221; background_color_gradient_direction=&#8221;360deg&#8221; background_image=&#8221;https:\/\/equilibresantecanada.com\/wp-content\/uploads\/2020\/06\/Homeroimage1.jpg&#8221; custom_margin=&#8221;||0px||false|false&#8221; custom_padding=&#8221;||||false|false&#8221; global_colors_info=&#8221;{}&#8221;][et_pb_row _builder_version=&#8221;4.16&#8243; global_colors_info=&#8221;{}&#8221;][et_pb_column type=&#8221;4_4&#8243; _builder_version=&#8221;4.16&#8243; global_colors_info=&#8221;{}&#8221;][et_pb_text _builder_version=&#8221;4.16&#8243; text_font=&#8221;||||||||&#8221; header_font=&#8221;Cantata One||||||||&#8221; header_font_size=&#8221;50px&#8221; header_line_height=&#8221;1.4em&#8221; header_2_font=&#8221;||||||||&#8221; header_2_text_color=&#8221;rgba(0,0,0,0.35)&#8221; header_2_font_size=&#8221;20px&#8221; header_2_line_height=&#8221;1.6em&#8221; text_orientation=&#8221;center&#8221; animation_style=&#8221;slide&#8221; animation_direction=&#8221;bottom&#8221; header_font_size_tablet=&#8221;35px&#8221; header_font_size_phone=&#8221;25px&#8221; header_font_size_last_edited=&#8221;on|desktop&#8221; global_colors_info=&#8221;{}&#8221;]<\/p>\n<h1 style='color:#ffffff'>Le Biofeedback <\/h1>\n<h2 style='color:#ffffff'>Bior\u00e9troaction ou r\u00e9troaction biologique<\/h2>\n<p>[\/et_pb_text][et_pb_code _builder_version=&#8221;4.16&#8243; _module_preset=&#8221;default&#8221; text_orientation=&#8221;center&#8221; global_colors_info=&#8221;{}&#8221;]<button onclick=\"Calendly.initPopupWidget({url: 'https:\/\/calendly.com\/touria-addou\/1h'});return false;\" class=\"telebutton et_pb_button et_pb_button_0 et_hover_enabled et_pb_bg_layout_light\" >Prenez un rendez-vous<\/button>[\/et_pb_code][\/et_pb_column][\/et_pb_row][\/et_pb_section][et_pb_section fb_built=&#8221;1&#8243; _builder_version=&#8221;4.16&#8243; global_colors_info=&#8221;{}&#8221;][et_pb_row column_structure=&#8221;1_2,1_2&#8243; _builder_version=&#8221;4.16&#8243; global_colors_info=&#8221;{}&#8221;][et_pb_column type=&#8221;1_2&#8243; _builder_version=&#8221;4.16&#8243; global_colors_info=&#8221;{}&#8221;][et_pb_divider _builder_version=&#8221;4.16&#8243; global_colors_info=&#8221;{}&#8221;][\/et_pb_divider][et_pb_image src=&#8221;https:\/\/equilibresantecanada.com\/wp-content\/uploads\/2020\/08\/Biofeedback.jpg&#8221; _builder_version=&#8221;4.16&#8243; global_colors_info=&#8221;{}&#8221;][\/et_pb_image][\/et_pb_column][et_pb_column type=&#8221;1_2&#8243; _builder_version=&#8221;4.16&#8243; global_colors_info=&#8221;{}&#8221;][et_pb_text _builder_version=&#8221;4.16&#8243; custom_margin=&#8221;60px||||false|false&#8221; custom_margin_tablet=&#8221;10px||||false|false&#8221; custom_margin_phone=&#8221;10px||||false|false&#8221; custom_margin_last_edited=&#8221;on|tablet&#8221; global_colors_info=&#8221;{}&#8221;]<\/p>\n<h2><strong>Biofeedback<\/strong><\/h2>\n<p>Le <strong>biofeedback<\/strong> (parfois appel\u00e9 bior\u00e9troaction ou r\u00e9troaction biologique) est une application de la psychophysiologie, une discipline qui \u00e9tudie les liens entre l\u2019activit\u00e9 du cerveau et les fonctions physiologiques. En d\u2019autres mots, il s\u2019agit de la science de l\u2019interaction \u00ab corps-esprit \u00bb.<\/p>\n<p>une des d\u00e9couvertes les plus importantes de la physique quantique, reprise et d\u00e9velopp\u00e9e dans la th\u00e9rapie quantique, est, en effet, la th\u00e9orie des \u00ab champs \u00e9nerg\u00e9tiques \u00bb : ce sont eux qui organisent et contr\u00f4lent notre corps. Ils forment un tout. En somme, le corps humain est une structure organis\u00e9e d\u2019informations. Ce que les Chinois ont compris depuis longtemps avec l\u2019acupuncture, qui traite les flux d\u2019\u00e9nergie du corps ; ou les Indiens, avec leur m\u00e9decine ayurv\u00e9dique qui traite le \u00ab corps de lumi\u00e8re \u00bb et ses chakras\u2026<\/p>\n<p>[\/et_pb_text][\/et_pb_column][\/et_pb_row][\/et_pb_section][et_pb_section fb_built=&#8221;1&#8243; _builder_version=&#8221;4.16&#8243; global_colors_info=&#8221;{}&#8221;][et_pb_row column_structure=&#8221;1_2,1_2&#8243; _builder_version=&#8221;4.16&#8243; global_colors_info=&#8221;{}&#8221;][et_pb_column type=&#8221;1_2&#8243; _builder_version=&#8221;4.16&#8243; global_colors_info=&#8221;{}&#8221;][et_pb_text _builder_version=&#8221;4.16&#8243; custom_margin=&#8221;60px||||false|false&#8221; custom_margin_tablet=&#8221;10px||||false|false&#8221; custom_margin_phone=&#8221;10px||||false|false&#8221; custom_margin_last_edited=&#8221;on|tablet&#8221; global_colors_info=&#8221;{}&#8221;]<\/p>\n<p>il y a un si\u00e8cle, <strong>Albert Einstein<\/strong> a d\u00e9montr\u00e9 dans ses travaux sur la nature de la lumi\u00e8re que tout est en forme de vibration.<\/p>\n<p>&nbsp;<\/p>\n<p>[\/et_pb_text][et_pb_image src=&#8221;https:\/\/equilibresantecanada.com\/wp-content\/uploads\/2020\/08\/PhysiqueQuantique.jpg&#8221; _builder_version=&#8221;4.16&#8243; global_colors_info=&#8221;{}&#8221;][\/et_pb_image][et_pb_code _builder_version=&#8221;4.16&#8243; global_colors_info=&#8221;{}&#8221;][\/et_pb_code][et_pb_image src=&#8221;https:\/\/equilibresantecanada.com\/wp-content\/uploads\/2020\/08\/biofeedback-appariel.jpg&#8221; _builder_version=&#8221;4.16&#8243; global_colors_info=&#8221;{}&#8221;][\/et_pb_image][\/et_pb_column][et_pb_column type=&#8221;1_2&#8243; _builder_version=&#8221;4.16&#8243; global_colors_info=&#8221;{}&#8221;][et_pb_image src=&#8221;https:\/\/equilibresantecanada.com\/wp-content\/uploads\/2020\/08\/albert.jpeg&#8221; _builder_version=&#8221;4.16&#8243; global_colors_info=&#8221;{}&#8221;][\/et_pb_image][et_pb_text _builder_version=&#8221;4.16&#8243; custom_margin=&#8221;60px||||false|false&#8221; custom_margin_tablet=&#8221;10px||||false|false&#8221; custom_margin_phone=&#8221;10px||||false|false&#8221; custom_margin_last_edited=&#8221;on|tablet&#8221; global_colors_info=&#8221;{}&#8221;]<\/p>\n<p><strong>La physique quantique \u2013<\/strong> qui d\u00e9crit le comportement des atomes et des particules subatomiques \u2013 s\u2019est d\u00e9velopp\u00e9e en marge de la physique classique, car elle ne r\u00e9pond pas aux m\u00eames r\u00e8gles. La plus importante, pour comprendre le fondement de la m\u00e9decine quantique : les ondes \u00e9lectromagn\u00e9tiques sont en m\u00eame temps des photons.<\/p>\n<p>Les appareils de biofeedback quantiques sont con\u00e7us pour d\u00e9tecter les ondes \u00e9lectromagn\u00e9tiques, les \u00ab fr\u00e9quences \u00bb \u00e9mises par chacune des cellules de notre corps. Lorsque certaines sont brouill\u00e9es ou \u00ab fausses \u00bb, l\u2019appareil renvoie des fr\u00e9quences \u00ab justes \u00bb afin de corriger le probl\u00e8me.<\/p>\n<p>Imaginez que vous ayez un coup de d\u00e9prime. Vous appelez votre meilleur ami. Ses paroles rassurantes vous remontent le moral et vous retrouvez assez d\u2019\u00e9nergie pour reprendre le cours normal de votre vie. L\u2019aide re\u00e7ue n\u2019est pas \u00ab physique \u00bb, mais vient des mots r\u00e9confortants. Or ce flot d\u2019informations vous a \u00e9t\u00e9 transmis par les fr\u00e9quences du t\u00e9l\u00e9phone. Voil\u00e0, de mani\u00e8re imag\u00e9e, comment fonctionnent les appareils de m\u00e9decine quantique : ils envoient des ondes extr\u00eamement fines qui \u00ab parlent \u00bb \u00e0 nos cellules et leur transmettent des informations, elles-m\u00eames port\u00e9es par les photons.<\/p>\n<p>Pour reprendre la m\u00e9taphore, on pourrait dire que les fr\u00e9quences sont les phrases r\u00e9confortantes de votre ami ; et les photons, les mots, avec leur sens.<\/p>\n<p>[\/et_pb_text][\/et_pb_column][\/et_pb_row][\/et_pb_section][et_pb_section fb_built=&#8221;1&#8243; admin_label=&#8221;Footer&#8221; _builder_version=&#8221;4.16&#8243; use_background_color_gradient=&#8221;on&#8221; background_color_gradient_direction=&#8221;108deg&#8221; background_color_gradient_stops=&#8221;#4ABF5A    0%|#65C972 100%&#8221; background_color_gradient_start=&#8221;#4ABF5A   &#8221; background_color_gradient_end=&#8221;#65C972&#8243; background_image=&#8221;https:\/\/equilibresantecanada.com\/wp-content\/uploads\/2020\/03\/dentist-08.png&#8221; parallax=&#8221;on&#8221; max_width=&#8221;90%&#8221; module_alignment=&#8221;center&#8221; custom_padding=&#8221;80px|0px|23vw|0px|false|false&#8221; animation_style=&#8221;roll&#8221; animation_direction=&#8221;top&#8221; animation_intensity_roll=&#8221;2%&#8221; border_radii=&#8221;|||50vw|50vw&#8221; locked=&#8221;off&#8221; collapsed=&#8221;off&#8221; global_colors_info=&#8221;{}&#8221;][et_pb_row column_structure=&#8221;1_2,1_2&#8243; _builder_version=&#8221;4.16&#8243; locked=&#8221;off&#8221; global_colors_info=&#8221;{}&#8221;][et_pb_column type=&#8221;1_2&#8243; _builder_version=&#8221;4.16&#8243; custom_padding=&#8221;|||&#8221; global_colors_info=&#8221;{}&#8221; custom_padding__hover=&#8221;|||&#8221;][et_pb_image src=&#8221;https:\/\/equilibresantecanada.com\/wp-content\/uploads\/2020\/03\/dentist-06.png&#8221; align_tablet=&#8221;center&#8221; align_phone=&#8221;&#8221; align_last_edited=&#8221;on|desktop&#8221; _builder_version=&#8221;4.16&#8243; animation_direction=&#8221;top&#8221; global_colors_info=&#8221;{}&#8221;][\/et_pb_image][\/et_pb_column][et_pb_column type=&#8221;1_2&#8243; _builder_version=&#8221;4.16&#8243; custom_padding=&#8221;|||&#8221; global_colors_info=&#8221;{}&#8221; custom_padding__hover=&#8221;|||&#8221;][et_pb_text _builder_version=&#8221;4.16&#8243; text_font=&#8221;||||||||&#8221; header_2_font=&#8221;Cantata One||||||||&#8221; header_2_font_size=&#8221;50px&#8221; header_2_line_height=&#8221;1.4em&#8221; background_layout=&#8221;dark&#8221; animation_style=&#8221;slide&#8221; animation_direction=&#8221;bottom&#8221; header_2_font_size_tablet=&#8221;35px&#8221; header_2_font_size_phone=&#8221;25px&#8221; header_2_font_size_last_edited=&#8221;on|desktop&#8221; locked=&#8221;off&#8221; global_colors_info=&#8221;{}&#8221;]<\/p>\n<h2>T\u00e9l\u00e9consultation<\/h2>\n<p>[\/et_pb_text][et_pb_code _builder_version=&#8221;4.16&#8243; global_colors_info=&#8221;{}&#8221;]<button onclick=\"Calendly.initPopupWidget({url: 'https:\/\/calendly.com\/touria-addou\/1h'});return false;\" class=\"telebutton et_pb_button et_pb_button_0 et_hover_enabled et_pb_bg_layout_light\" style=\"background-color: #39B54A;\">Prenez un rendez-vous<\/button>[\/et_pb_code][\/et_pb_column][\/et_pb_row][\/et_pb_section][et_pb_section fb_built=&#8221;1&#8243; admin_label=&#8221;Contact Info&#8221; _builder_version=&#8221;4.16&#8243; locked=&#8221;off&#8221; global_colors_info=&#8221;{}&#8221;][et_pb_row column_structure=&#8221;1_3,1_3,1_3&#8243; _builder_version=&#8221;4.16&#8243; locked=&#8221;off&#8221; global_colors_info=&#8221;{}&#8221;][et_pb_column type=&#8221;1_3&#8243; _builder_version=&#8221;4.16&#8243; custom_padding=&#8221;|||&#8221; global_colors_info=&#8221;{}&#8221; custom_padding__hover=&#8221;|||&#8221;][et_pb_blurb title=&#8221;Appel: +1 (514) 619-3131&#8243; use_icon=&#8221;on&#8221; font_icon=&#8221;&#xe090;||divi||400&#8243; icon_color=&#8221;#55CA64&#8243; icon_placement=&#8221;left&#8221; _builder_version=&#8221;4.16&#8243; header_font=&#8221;Cantata One||||||||&#8221; header_line_height=&#8221;1.6em&#8221; body_font=&#8221;||||||||&#8221; body_line_height=&#8221;2em&#8221; animation=&#8221;off&#8221; global_colors_info=&#8221;{}&#8221; custom_padding=&#8221;||0px|||&#8221;]<\/p>\n<p>105 boul. De La Concorde Est<br \/>Laval, H7G 2C1<\/p>\n<p>[\/et_pb_blurb][\/et_pb_column][et_pb_column type=&#8221;1_3&#8243; _builder_version=&#8221;4.16&#8243; custom_padding=&#8221;|||&#8221; global_colors_info=&#8221;{}&#8221; custom_padding__hover=&#8221;|||&#8221;][et_pb_blurb title=&#8221;Heures d&#8217;ouverture&#8221; use_icon=&#8221;on&#8221; font_icon=&#8221;&#xe06b;||divi||400&#8243; icon_color=&#8221;#55CA64&#8243; icon_placement=&#8221;left&#8221; _builder_version=&#8221;4.16&#8243; header_font=&#8221;Cantata One||||||||&#8221; header_line_height=&#8221;1.6em&#8221; body_font=&#8221;||||||||&#8221; body_line_height=&#8221;2em&#8221; animation=&#8221;off&#8221; global_colors_info=&#8221;{}&#8221;]<\/p>\n<p><strong>Consultation<\/strong><br \/>Lundi-Vendredi 9am-3pm.<br \/><strong>S\u00e9ances<\/strong><br \/>Lundi-Jeudi-Vendredi 4pm-20pm.<br \/>Samedi 9am-19pm.<\/p>\n<p>[\/et_pb_blurb][\/et_pb_column][et_pb_column type=&#8221;1_3&#8243; _builder_version=&#8221;4.16&#8243; custom_padding=&#8221;|||&#8221; global_colors_info=&#8221;{}&#8221; custom_padding__hover=&#8221;|||&#8221;][et_pb_blurb title=&#8221;T\u00e9l\u00e9consultation&#8221; use_icon=&#8221;on&#8221; font_icon=&#8221;&#xe08b;||divi||400&#8243; icon_color=&#8221;#55CA64&#8243; icon_placement=&#8221;left&#8221; _builder_version=&#8221;4.16&#8243; header_font=&#8221;Cantata One||||||||&#8221; header_line_height=&#8221;1.6em&#8221; body_font=&#8221;||||||||&#8221; body_line_height=&#8221;2em&#8221; animation=&#8221;off&#8221; global_colors_info=&#8221;{}&#8221;]Consultation<br \/>\nLundi-Vendredi 9am-3pm.[\/et_pb_blurb][\/et_pb_column][\/et_pb_row][\/et_pb_section][et_pb_section fb_built=&#8221;1&#8243; _builder_version=&#8221;4.16&#8243; _module_preset=&#8221;default&#8221; width=&#8221;100%&#8221; max_width=&#8221;100%&#8221; module_alignment=&#8221;center&#8221; custom_margin=&#8221;0px|0px|0px|0px|false|false&#8221; custom_padding=&#8221;0px|0px|0px|0px|true|true&#8221; locked=&#8221;off&#8221; global_colors_info=&#8221;{}&#8221;][et_pb_row _builder_version=&#8221;4.16&#8243; _module_preset=&#8221;default&#8221; width=&#8221;100%&#8221; max_width=&#8221;2560px&#8221; custom_margin=&#8221;0px||0px||true|true&#8221; custom_padding=&#8221;0px|0px|0px|0px|true|true&#8221; global_colors_info=&#8221;{}&#8221;][et_pb_column type=&#8221;4_4&#8243; _builder_version=&#8221;4.16&#8243; _module_preset=&#8221;default&#8221; global_colors_info=&#8221;{}&#8221;][et_pb_text _builder_version=&#8221;4.20.2&#8243; _module_preset=&#8221;default&#8221; hover_enabled=&#8221;0&#8243; global_colors_info=&#8221;{}&#8221; sticky_enabled=&#8221;0&#8243;]<\/p>\n<div style=\"width: 100%\"><iframe loading=\"lazy\" width=\"100%\" height=\"600\" frameborder=\"0\" scrolling=\"no\" marginheight=\"0\" marginwidth=\"0\" src=\"https:\/\/maps.google.com\/maps?width=100%25&amp;height=600&amp;hl=en&amp;q=105%20boul.%20De%20La%20Concorde%20Est%20Laval,%20H7G%202C1+(%C3%89quilibre%20Sant%C3%A9%20Canada)&amp;t=&amp;z=14&amp;ie=UTF8&amp;iwloc=B&amp;output=embed\"><a href=\"https:\/\/www.maps.ie\/distance-area-calculator.html\">measure distance on map<\/a><\/iframe><\/div>\n<p>[\/et_pb_text][\/et_pb_column][\/et_pb_row][\/et_pb_section]<\/p>\n","protected":false},"excerpt":{"rendered":"<p>Le Biofeedback Bior\u00e9troaction ou r\u00e9troaction biologiqueBiofeedback Le biofeedback (parfois appel\u00e9 bior\u00e9troaction ou r\u00e9troaction biologique) est une application de la psychophysiologie, une discipline qui \u00e9tudie les liens entre l\u2019activit\u00e9 du cerveau et les fonctions physiologiques. En d\u2019autres mots, il s\u2019agit de la science de l\u2019interaction \u00ab corps-esprit \u00bb. une des d\u00e9couvertes les plus importantes de la [&hellip;]<\/p>\n","protected":false},"author":1,"featured_media":0,"parent":0,"menu_order":0,"comment_status":"closed","ping_status":"closed","template":"","meta":{"_et_pb_use_builder":"on","_et_pb_old_content":"","_et_gb_content_width":"","footnotes":""},"class_list":["post-1042","page","type-page","status-publish","hentry"],"_links":{"self":[{"href":"https:\/\/equilibresantecanada.com\/index.php?rest_route=\/wp\/v2\/pages\/1042","targetHints":{"allow":["GET"]}}],"collection":[{"href":"https:\/\/equilibresantecanada.com\/index.php?rest_route=\/wp\/v2\/pages"}],"about":[{"href":"https:\/\/equilibresantecanada.com\/index.php?rest_route=\/wp\/v2\/types\/page"}],"author":[{"embeddable":true,"href":"https:\/\/equilibresantecanada.com\/index.php?rest_route=\/wp\/v2\/users\/1"}],"replies":[{"embeddable":true,"href":"https:\/\/equilibresantecanada.com\/index.php?rest_route=%2Fwp%2Fv2%2Fcomments&post=1042"}],"version-history":[{"count":30,"href":"https:\/\/equilibresantecanada.com\/index.php?rest_route=\/wp\/v2\/pages\/1042\/revisions"}],"predecessor-version":[{"id":2313,"href":"https:\/\/equilibresantecanada.com\/index.php?rest_route=\/wp\/v2\/pages\/1042\/revisions\/2313"}],"wp:attachment":[{"href":"https:\/\/equilibresantecanada.com\/index.php?rest_route=%2Fwp%2Fv2%2Fmedia&parent=1042"}],"curies":[{"name":"wp","href":"https:\/\/api.w.org\/{rel}","templated":true}]}}